{"id":2,"date":"2022-07-12T22:07:14","date_gmt":"2022-07-12T20:07:14","guid":{"rendered":"http:\/\/gueniza.fr\/?page_id=2"},"modified":"2026-03-13T00:26:19","modified_gmt":"2026-03-12T23:26:19","slug":"accueil","status":"publish","type":"page","link":"https:\/\/gueniza.fr\/","title":{"rendered":"ACCUEIL"},"content":{"rendered":"\t\t<div data-elementor-type=\"wp-page\" data-elementor-id=\"2\" class=\"elementor elementor-2\">\n\t\t\t\t\t\t<section class=\"elementor-section elementor-top-section elementor-element elementor-element-d79d52b elementor-section-full_width elementor-section-height-default elementor-section-height-default\" data-id=\"d79d52b\" data-element_type=\"section\" data-settings=\"{&quot;background_background&quot;:&quot;classic&quot;}\">\n\t\t\t\t\t\t\t<div class=\"elementor-background-overlay\"><\/div>\n\t\t\t\t\t\t\t<div class=\"elementor-container elementor-column-gap-default\">\n\t\t\t\t\t<div class=\"elementor-column elementor-col-50 elementor-top-column elementor-element elementor-element-b7cef88\" data-id=\"b7cef88\" data-element_type=\"column\">\n\t\t\t<div class=\"elementor-widget-wrap elementor-element-populated\">\n\t\t\t\t\t\t<div class=\"elementor-element elementor-element-4823d3d elementor-widget elementor-widget-text-editor\" data-id=\"4823d3d\" data-element_type=\"widget\" data-widget_type=\"text-editor.default\">\n\t\t\t\t<div class=\"elementor-widget-container\">\n\t\t\t<style>\/*! elementor - v3.19.0 - 28-02-2024 *\/\n.elementor-widget-text-editor.elementor-drop-cap-view-stacked .elementor-drop-cap{background-color:#69727d;color:#fff}.elementor-widget-text-editor.elementor-drop-cap-view-framed .elementor-drop-cap{color:#69727d;border:3px solid;background-color:transparent}.elementor-widget-text-editor:not(.elementor-drop-cap-view-default) .elementor-drop-cap{margin-top:8px}.elementor-widget-text-editor:not(.elementor-drop-cap-view-default) .elementor-drop-cap-letter{width:1em;height:1em}.elementor-widget-text-editor .elementor-drop-cap{float:left;text-align:center;line-height:1;font-size:50px}.elementor-widget-text-editor .elementor-drop-cap-letter{display:inline-block}<\/style>\t\t\t\t<h1><span style=\"font-family: circular;\">Avant la f\u00eate de\u00a0 Pessa&rsquo;h<\/span><\/h1>\t\t\t\t\t\t<\/div>\n\t\t\t\t<\/div>\n\t\t\t\t<div class=\"elementor-element elementor-element-3fe86eb elementor-invisible elementor-widget elementor-widget-heading\" data-id=\"3fe86eb\" data-element_type=\"widget\" data-settings=\"{&quot;_animation&quot;:&quot;zoomIn&quot;}\" data-widget_type=\"heading.default\">\n\t\t\t\t<div class=\"elementor-widget-container\">\n\t\t\t<style>\/*! elementor - v3.19.0 - 28-02-2024 *\/\n.elementor-heading-title{padding:0;margin:0;line-height:1}.elementor-widget-heading .elementor-heading-title[class*=elementor-size-]>a{color:inherit;font-size:inherit;line-height:inherit}.elementor-widget-heading .elementor-heading-title.elementor-size-small{font-size:15px}.elementor-widget-heading .elementor-heading-title.elementor-size-medium{font-size:19px}.elementor-widget-heading .elementor-heading-title.elementor-size-large{font-size:29px}.elementor-widget-heading .elementor-heading-title.elementor-size-xl{font-size:39px}.elementor-widget-heading .elementor-heading-title.elementor-size-xxl{font-size:59px}<\/style><h1 class=\"elementor-heading-title elementor-size-xxl\"><b>D\u00e9posez enfin votre Gueniza<\/b><\/h1>\t\t<\/div>\n\t\t\t\t<\/div>\n\t\t\t\t<div class=\"elementor-element elementor-element-0ae68e5 elementor-mobile-align-center elementor-align-center elementor-widget elementor-widget-button\" data-id=\"0ae68e5\" data-element_type=\"widget\" data-widget_type=\"button.default\">\n\t\t\t\t<div class=\"elementor-widget-container\">\n\t\t\t\t\t<div class=\"elementor-button-wrapper\">\n\t\t\t<a class=\"elementor-button elementor-button-link elementor-size-md\" href=\"https:\/\/gueniza.fr\/index.php\/formidable-form\/\" id=\"ou\">\n\t\t\t\t\t\t<span class=\"elementor-button-content-wrapper\">\n\t\t\t\t\t\t<span class=\"elementor-button-icon elementor-align-icon-right\">\n\t\t\t\t<i aria-hidden=\"true\" class=\"fas fa-box\"><\/i>\t\t\t<\/span>\n\t\t\t\t\t\t<span class=\"elementor-button-text\">  O\u00f9 et quand ?<\/span>\n\t\t<\/span>\n\t\t\t\t\t<\/a>\n\t\t<\/div>\n\t\t\t\t<\/div>\n\t\t\t\t<\/div>\n\t\t\t\t\t<\/div>\n\t\t<\/div>\n\t\t\t\t<div class=\"elementor-column elementor-col-50 elementor-top-column elementor-element elementor-element-97af95b\" data-id=\"97af95b\" data-element_type=\"column\">\n\t\t\t<div class=\"elementor-widget-wrap elementor-element-populated\">\n\t\t\t\t\t\t<div class=\"elementor-element elementor-element-6478aca elementor-widget elementor-widget-image\" data-id=\"6478aca\" data-element_type=\"widget\" data-widget_type=\"image.default\">\n\t\t\t\t<div class=\"elementor-widget-container\">\n\t\t\t<style>\/*! elementor - v3.19.0 - 28-02-2024 *\/\n.elementor-widget-image{text-align:center}.elementor-widget-image a{display:inline-block}.elementor-widget-image a img[src$=\".svg\"]{width:48px}.elementor-widget-image img{vertical-align:middle;display:inline-block}<\/style>\t\t\t\t\t\t\t\t\t\t<img fetchpriority=\"high\" decoding=\"async\" width=\"800\" height=\"500\" src=\"https:\/\/gueniza.fr\/wp-content\/uploads\/2024\/03\/Transparent-1024x640.png\" class=\"attachment-large size-large wp-image-215\" alt=\"\" srcset=\"https:\/\/gueniza.fr\/wp-content\/uploads\/2024\/03\/Transparent-1024x640.png 1024w, https:\/\/gueniza.fr\/wp-content\/uploads\/2024\/03\/Transparent-300x187.png 300w, https:\/\/gueniza.fr\/wp-content\/uploads\/2024\/03\/Transparent-768x480.png 768w, https:\/\/gueniza.fr\/wp-content\/uploads\/2024\/03\/Transparent-1536x959.png 1536w, https:\/\/gueniza.fr\/wp-content\/uploads\/2024\/03\/Transparent.png 1601w\" sizes=\"(max-width: 800px) 100vw, 800px\" \/>\t\t\t\t\t\t\t\t\t\t\t\t\t<\/div>\n\t\t\t\t<\/div>\n\t\t\t\t\t<\/div>\n\t\t<\/div>\n\t\t\t\t\t<\/div>\n\t\t<\/section>\n\t\t\t\t<div class=\"elementor-section elementor-top-section elementor-element elementor-element-a4941a9 elementor-section-boxed elementor-section-height-default elementor-section-height-default\" data-id=\"a4941a9\" data-element_type=\"section\">\n\t\t\t\t\t\t<div class=\"elementor-container elementor-column-gap-default\">\n\t\t\t\t\t<div class=\"elementor-column elementor-col-50 elementor-top-column elementor-element elementor-element-a8c9eaf\" data-id=\"a8c9eaf\" data-element_type=\"column\">\n\t\t\t<div class=\"elementor-widget-wrap elementor-element-populated\">\n\t\t\t\t\t\t<div class=\"elementor-element elementor-element-260bb46 elementor-widget elementor-widget-heading\" data-id=\"260bb46\" data-element_type=\"widget\" data-widget_type=\"heading.default\">\n\t\t\t\t<div class=\"elementor-widget-container\">\n\t\t\t<h2 class=\"elementor-heading-title elementor-size-default\">Cette ann\u00e9e encore,\nun camion vous attend.<\/h2>\t\t<\/div>\n\t\t\t\t<\/div>\n\t\t\t\t<div class=\"elementor-element elementor-element-c0438f1 elementor-widget elementor-widget-heading\" data-id=\"c0438f1\" data-element_type=\"widget\" data-widget_type=\"heading.default\">\n\t\t\t\t<div class=\"elementor-widget-container\">\n\t\t\t<h2 class=\"elementor-heading-title elementor-size-default\"><span style=\"font-weight: normal;\">Du dimanche 22 Mars au Dimanche 29 Mars 2026<\/span><\/h2>\t\t<\/div>\n\t\t\t\t<\/div>\n\t\t\t\t<div class=\"elementor-element elementor-element-746a7fc elementor-widget elementor-widget-text-editor\" data-id=\"746a7fc\" data-element_type=\"widget\" data-widget_type=\"text-editor.default\">\n\t\t\t\t<div class=\"elementor-widget-container\">\n\t\t\t\t\t\t\t<p><b style=\"color: inherit; font-family: inherit; font-size: 1.75rem;\">Dans le 19\u00e8me arrondissement de Paris,\u00a0<\/b><br \/><span style=\"font-size: 28px;\"><b>Devant le 49 rue Petit 75019 Paris<\/b><\/span><\/p><p>Dimanche:\u00a0 13H &#8211; 20H<br \/>Lundi-jeudi: 15H &#8211; 19H<br \/>Vendredi :\u00a0 \u00a0 12H &#8211; 16H<\/p>\t\t\t\t\t\t<\/div>\n\t\t\t\t<\/div>\n\t\t\t\t<div class=\"elementor-element elementor-element-a081211 elementor-button-info elementor-mobile-align-center elementor-widget elementor-widget-button\" data-id=\"a081211\" data-element_type=\"widget\" data-widget_type=\"button.default\">\n\t\t\t\t<div class=\"elementor-widget-container\">\n\t\t\t\t\t<div class=\"elementor-button-wrapper\">\n\t\t\t<a class=\"elementor-button elementor-size-md elementor-animation-grow\" role=\"button\">\n\t\t\t\t\t\t<span class=\"elementor-button-content-wrapper\">\n\t\t\t\t\t\t<span class=\"elementor-button-text\">24 \u20ac les 50 litres<\/span>\n\t\t<\/span>\n\t\t\t\t\t<\/a>\n\t\t<\/div>\n\t\t\t\t<\/div>\n\t\t\t\t<\/div>\n\t\t\t\t<div class=\"elementor-element elementor-element-831a5ea elementor-widget elementor-widget-text-editor\" data-id=\"831a5ea\" data-element_type=\"widget\" data-widget_type=\"text-editor.default\">\n\t\t\t\t<div class=\"elementor-widget-container\">\n\t\t\t\t\t\t\t<p><span style=\"font-family: circular;\">Prix d\u00e9gressif et possibilit\u00e9s de ramassage pour les communaut\u00e9s.<\/span><\/p>\t\t\t\t\t\t<\/div>\n\t\t\t\t<\/div>\n\t\t\t\t\t<\/div>\n\t\t<\/div>\n\t\t\t\t<div class=\"elementor-column elementor-col-50 elementor-top-column elementor-element elementor-element-046c652\" data-id=\"046c652\" data-element_type=\"column\">\n\t\t\t<div class=\"elementor-widget-wrap elementor-element-populated\">\n\t\t\t\t\t\t<div class=\"elementor-element elementor-element-ab30edc elementor-widget__width-initial elementor-invisible elementor-widget elementor-widget-image\" data-id=\"ab30edc\" data-element_type=\"widget\" data-settings=\"{&quot;_animation&quot;:&quot;slideInRight&quot;}\" data-widget_type=\"image.default\">\n\t\t\t\t<div class=\"elementor-widget-container\">\n\t\t\t\t\t\t\t\t\t\t\t\t\t<img decoding=\"async\" width=\"800\" height=\"997\" src=\"https:\/\/gueniza.fr\/wp-content\/uploads\/2023\/03\/G3-822x1024.png\" class=\"attachment-large size-large wp-image-21\" alt=\"\" srcset=\"https:\/\/gueniza.fr\/wp-content\/uploads\/2023\/03\/G3-822x1024.png 822w, https:\/\/gueniza.fr\/wp-content\/uploads\/2023\/03\/G3-241x300.png 241w, https:\/\/gueniza.fr\/wp-content\/uploads\/2023\/03\/G3-768x957.png 768w, https:\/\/gueniza.fr\/wp-content\/uploads\/2023\/03\/G3-1233x1536.png 1233w, https:\/\/gueniza.fr\/wp-content\/uploads\/2023\/03\/G3.png 1333w\" sizes=\"(max-width: 800px) 100vw, 800px\" \/>\t\t\t\t\t\t\t\t\t\t\t\t\t<\/div>\n\t\t\t\t<\/div>\n\t\t\t\t\t<\/div>\n\t\t<\/div>\n\t\t\t\t\t<\/div>\n\t\t<\/div>\n\t\t\t\t<div class=\"elementor-section elementor-top-section elementor-element elementor-element-8047a19 elementor-hidden-mobile elementor-section-boxed elementor-section-height-default elementor-section-height-default\" data-id=\"8047a19\" data-element_type=\"section\" data-settings=\"{&quot;background_background&quot;:&quot;classic&quot;,&quot;animation&quot;:&quot;none&quot;}\">\n\t\t\t\t\t\t<div class=\"elementor-container elementor-column-gap-default\">\n\t\t\t\t\t<div class=\"elementor-column elementor-col-33 elementor-top-column elementor-element elementor-element-04d4907\" data-id=\"04d4907\" data-element_type=\"column\">\n\t\t\t<div class=\"elementor-widget-wrap elementor-element-populated\">\n\t\t\t\t\t\t<div class=\"elementor-element elementor-element-91c3cb0 elementor-widget elementor-widget-image\" data-id=\"91c3cb0\" data-element_type=\"widget\" data-widget_type=\"image.default\">\n\t\t\t\t<div class=\"elementor-widget-container\">\n\t\t\t\t\t\t\t\t\t\t\t\t\t<img decoding=\"async\" width=\"410\" height=\"439\" src=\"https:\/\/gueniza.fr\/wp-content\/uploads\/2023\/03\/G4.png\" class=\"attachment-large size-large wp-image-22\" alt=\"Pr\u00e9parer vos cartons\" srcset=\"https:\/\/gueniza.fr\/wp-content\/uploads\/2023\/03\/G4.png 410w, https:\/\/gueniza.fr\/wp-content\/uploads\/2023\/03\/G4-280x300.png 280w\" sizes=\"(max-width: 410px) 100vw, 410px\" \/>\t\t\t\t\t\t\t\t\t\t\t\t\t<\/div>\n\t\t\t\t<\/div>\n\t\t\t\t<div class=\"elementor-element elementor-element-db9e50a elementor-widget elementor-widget-text-editor\" data-id=\"db9e50a\" data-element_type=\"widget\" data-widget_type=\"text-editor.default\">\n\t\t\t\t<div class=\"elementor-widget-container\">\n\t\t\t\t\t\t\t<strong><span style=\"font-size: 18pt;\"><span style=\"font-family: circular;\">Pr\u00e9parez vos cartons.<br>\u00c9vitez le plastique.<\/span><\/span><\/strong>\t\t\t\t\t\t<\/div>\n\t\t\t\t<\/div>\n\t\t\t\t\t<\/div>\n\t\t<\/div>\n\t\t\t\t<div class=\"elementor-column elementor-col-33 elementor-top-column elementor-element elementor-element-456fa90\" data-id=\"456fa90\" data-element_type=\"column\">\n\t\t\t<div class=\"elementor-widget-wrap elementor-element-populated\">\n\t\t\t\t\t\t<div class=\"elementor-element elementor-element-d1da3d0 elementor-widget elementor-widget-image\" data-id=\"d1da3d0\" data-element_type=\"widget\" data-widget_type=\"image.default\">\n\t\t\t\t<div class=\"elementor-widget-container\">\n\t\t\t\t\t\t\t\t\t\t\t\t\t<img loading=\"lazy\" decoding=\"async\" width=\"410\" height=\"439\" src=\"https:\/\/gueniza.fr\/wp-content\/uploads\/2023\/03\/G5.png\" class=\"attachment-large size-large wp-image-12\" alt=\"D\u00e9posez votre Gueniza\" srcset=\"https:\/\/gueniza.fr\/wp-content\/uploads\/2023\/03\/G5.png 410w, https:\/\/gueniza.fr\/wp-content\/uploads\/2023\/03\/G5-280x300.png 280w\" sizes=\"(max-width: 410px) 100vw, 410px\" \/>\t\t\t\t\t\t\t\t\t\t\t\t\t<\/div>\n\t\t\t\t<\/div>\n\t\t\t\t<div class=\"elementor-element elementor-element-6001f1e elementor-widget elementor-widget-text-editor\" data-id=\"6001f1e\" data-element_type=\"widget\" data-widget_type=\"text-editor.default\">\n\t\t\t\t<div class=\"elementor-widget-container\">\n\t\t\t\t\t\t\t<strong><span style=\"font-size: 18pt;\"><span style=\"font-family: circular;\">D\u00e9posez votre Gueniza<br>\u00e0 l&rsquo;adresse indiqu\u00e9<\/span><\/span><\/strong>\t\t\t\t\t\t<\/div>\n\t\t\t\t<\/div>\n\t\t\t\t\t<\/div>\n\t\t<\/div>\n\t\t\t\t<div class=\"elementor-column elementor-col-33 elementor-top-column elementor-element elementor-element-505c32d\" data-id=\"505c32d\" data-element_type=\"column\">\n\t\t\t<div class=\"elementor-widget-wrap elementor-element-populated\">\n\t\t\t\t\t\t<div class=\"elementor-element elementor-element-e796777 elementor-widget elementor-widget-image\" data-id=\"e796777\" data-element_type=\"widget\" data-widget_type=\"image.default\">\n\t\t\t\t<div class=\"elementor-widget-container\">\n\t\t\t\t\t\t\t\t\t\t\t\t\t<img loading=\"lazy\" decoding=\"async\" width=\"410\" height=\"439\" src=\"https:\/\/gueniza.fr\/wp-content\/uploads\/2023\/03\/G6.png\" class=\"attachment-large size-large wp-image-24\" alt=\"Nous proc\u00e9dons \u00e0 l&#039;enterrement.\" srcset=\"https:\/\/gueniza.fr\/wp-content\/uploads\/2023\/03\/G6.png 410w, https:\/\/gueniza.fr\/wp-content\/uploads\/2023\/03\/G6-280x300.png 280w\" sizes=\"(max-width: 410px) 100vw, 410px\" \/>\t\t\t\t\t\t\t\t\t\t\t\t\t<\/div>\n\t\t\t\t<\/div>\n\t\t\t\t<div class=\"elementor-element elementor-element-d53684c elementor-widget elementor-widget-text-editor\" data-id=\"d53684c\" data-element_type=\"widget\" data-widget_type=\"text-editor.default\">\n\t\t\t\t<div class=\"elementor-widget-container\">\n\t\t\t\t\t\t\t<strong><span style=\"font-family: circular; font-size: 18pt;\">Nous proc\u00e9dons <br>\u00e0 l&rsquo;enterrement.<\/span><\/strong>\t\t\t\t\t\t<\/div>\n\t\t\t\t<\/div>\n\t\t\t\t\t<\/div>\n\t\t<\/div>\n\t\t\t\t\t<\/div>\n\t\t<\/div>\n\t\t\t\t<section class=\"elementor-section elementor-top-section elementor-element elementor-element-27268bb elementor-section-boxed elementor-section-height-default elementor-section-height-default\" data-id=\"27268bb\" data-element_type=\"section\">\n\t\t\t\t\t\t<div class=\"elementor-container elementor-column-gap-default\">\n\t\t\t\t\t<div class=\"elementor-column elementor-col-50 elementor-top-column elementor-element elementor-element-7599a9c\" data-id=\"7599a9c\" data-element_type=\"column\">\n\t\t\t<div class=\"elementor-widget-wrap elementor-element-populated\">\n\t\t\t\t\t\t<div class=\"elementor-element elementor-element-0d7977a elementor-widget elementor-widget-heading\" data-id=\"0d7977a\" data-element_type=\"widget\" data-widget_type=\"heading.default\">\n\t\t\t\t<div class=\"elementor-widget-container\">\n\t\t\t<h2 class=\"elementor-heading-title elementor-size-default\">Ajoutez votre titre ici<\/h2>\t\t<\/div>\n\t\t\t\t<\/div>\n\t\t\t\t<div class=\"elementor-element elementor-element-b3a06c7 elementor-widget elementor-widget-text-editor\" data-id=\"b3a06c7\" data-element_type=\"widget\" data-widget_type=\"text-editor.default\">\n\t\t\t\t<div class=\"elementor-widget-container\">\n\t\t\t\t\t\t\t<h5>Depuis de nombreuses ann\u00e9es, Gueniza Truck est reconnue par de nombreux Rabbanim de la r\u00e9gion parisienne comme un partenaire de confiance pour la gestion respectueuse des objets sacr\u00e9s conform\u00e9ment aux r\u00e8gles de la Torah.<\/h5><h5>\u00a0<\/h5><h5>Gueniza Truck est bien plus qu&rsquo;un service de collecte de Gueniza ordinaire. Nous sommes guid\u00e9s par des Rabbanim et des principes \u00e9thiques et religieux profonds, nous engageant \u00e0 traiter chaque objet sacr\u00e9 avec le respect et la d\u00e9votion qu&rsquo;il m\u00e9rite. Notre \u00e9quipe est form\u00e9e et consciente de l&rsquo;importance de chaque objet, qu&rsquo;il s&rsquo;agisse de textes religieux, de livres de pri\u00e8res ou de tout autre article sacr\u00e9.<\/h5><h5>\u00a0<\/h5><h5>Nous offrons des tarifs d\u00e9gressifs pour les collectivit\u00e9s et les communaut\u00e9s. Contactez-nous pour obtenir des informations sur nos tarifs sp\u00e9ciaux.<\/h5>\t\t\t\t\t\t<\/div>\n\t\t\t\t<\/div>\n\t\t\t\t\t<\/div>\n\t\t<\/div>\n\t\t\t\t<div class=\"elementor-column elementor-col-50 elementor-top-column elementor-element elementor-element-dca5f25\" data-id=\"dca5f25\" data-element_type=\"column\">\n\t\t\t<div class=\"elementor-widget-wrap elementor-element-populated\">\n\t\t\t\t\t\t<div class=\"elementor-element elementor-element-052d912 elementor-invisible elementor-widget elementor-widget-image\" data-id=\"052d912\" data-element_type=\"widget\" data-settings=\"{&quot;_animation&quot;:&quot;slideInUp&quot;}\" data-widget_type=\"image.default\">\n\t\t\t\t<div class=\"elementor-widget-container\">\n\t\t\t\t\t\t\t\t\t\t\t\t\t<img loading=\"lazy\" decoding=\"async\" width=\"800\" height=\"450\" src=\"https:\/\/gueniza.fr\/wp-content\/uploads\/2023\/03\/G2-1024x576.png\" class=\"elementor-animation-wobble-top attachment-large size-large wp-image-20\" alt=\"\" srcset=\"https:\/\/gueniza.fr\/wp-content\/uploads\/2023\/03\/G2-1024x576.png 1024w, https:\/\/gueniza.fr\/wp-content\/uploads\/2023\/03\/G2-300x169.png 300w, https:\/\/gueniza.fr\/wp-content\/uploads\/2023\/03\/G2-768x432.png 768w, https:\/\/gueniza.fr\/wp-content\/uploads\/2023\/03\/G2-1536x864.png 1536w\" sizes=\"(max-width: 800px) 100vw, 800px\" \/>\t\t\t\t\t\t\t\t\t\t\t\t\t<\/div>\n\t\t\t\t<\/div>\n\t\t\t\t\t<\/div>\n\t\t<\/div>\n\t\t\t\t\t<\/div>\n\t\t<\/section>\n\t\t\t\t<footer class=\"elementor-section elementor-top-section elementor-element elementor-element-65fe3be elementor-section-full_width elementor-section-height-default elementor-section-height-default\" data-id=\"65fe3be\" data-element_type=\"section\">\n\t\t\t\t\t\t<div class=\"elementor-container elementor-column-gap-default\">\n\t\t\t\t\t<footer class=\"elementor-column elementor-col-100 elementor-top-column elementor-element elementor-element-b5ff051\" data-id=\"b5ff051\" data-element_type=\"column\">\n\t\t\t<div class=\"elementor-widget-wrap elementor-element-populated\">\n\t\t\t\t\t\t<div class=\"elementor-element elementor-element-89bebd5 elementor-widget__width-initial elementor-widget elementor-widget-text-editor\" data-id=\"89bebd5\" data-element_type=\"widget\" data-widget_type=\"text-editor.default\">\n\t\t\t\t<div class=\"elementor-widget-container\">\n\t\t\t\t\t\t\t<strong>GUENIZA TRUCK<\/strong<br>\n<br>\n<br>\nT\u00e9l : +33 6 52 21 73 12<br>\nMail :<a href=\"mailto:contact@gueniza.fr\">contact@gueniza.fr<\/a><br><br>\t\t\t\t\t\t<\/div>\n\t\t\t\t<\/div>\n\t\t\t\t\t<\/div>\n\t\t<\/footer>\n\t\t\t\t\t<\/div>\n\t\t<\/footer>\n\t\t\t\t<\/div>\n\t\t","protected":false},"excerpt":{"rendered":"<p>Avant la f\u00eate de\u00a0 Pessa&rsquo;h D\u00e9posez enfin votre Gueniza O\u00f9 et quand ? Cette ann\u00e9e encore, un camion vous attend. Du dimanche 22 Mars au Dimanche 29 Mars 2026 Dans le 19\u00e8me arrondissement de Paris,\u00a0Devant le 49 rue Petit 75019 Paris Dimanche:\u00a0 13H &#8211; 20HLundi-jeudi: 15H &#8211; 19HVendredi :\u00a0 \u00a0 12H &#8211; 16H 24 \u20ac [&hellip;]<\/p>\n","protected":false},"author":1,"featured_media":0,"parent":0,"menu_order":0,"comment_status":"closed","ping_status":"closed","template":"","meta":{"footnotes":""},"class_list":["post-2","page","type-page","status-publish","hentry"],"_links":{"self":[{"href":"https:\/\/gueniza.fr\/index.php\/wp-json\/wp\/v2\/pages\/2","targetHints":{"allow":["GET"]}}],"collection":[{"href":"https:\/\/gueniza.fr\/index.php\/wp-json\/wp\/v2\/pages"}],"about":[{"href":"https:\/\/gueniza.fr\/index.php\/wp-json\/wp\/v2\/types\/page"}],"author":[{"embeddable":true,"href":"https:\/\/gueniza.fr\/index.php\/wp-json\/wp\/v2\/users\/1"}],"replies":[{"embeddable":true,"href":"https:\/\/gueniza.fr\/index.php\/wp-json\/wp\/v2\/comments?post=2"}],"version-history":[{"count":217,"href":"https:\/\/gueniza.fr\/index.php\/wp-json\/wp\/v2\/pages\/2\/revisions"}],"predecessor-version":[{"id":311,"href":"https:\/\/gueniza.fr\/index.php\/wp-json\/wp\/v2\/pages\/2\/revisions\/311"}],"wp:attachment":[{"href":"https:\/\/gueniza.fr\/index.php\/wp-json\/wp\/v2\/media?parent=2"}],"curies":[{"name":"wp","href":"https:\/\/api.w.org\/{rel}","templated":true}]}}